{"id":231,"date":"2022-07-10T18:59:23","date_gmt":"2022-07-10T21:59:23","guid":{"rendered":"https:\/\/mapu.art.br\/escuta\/?page_id=231"},"modified":"2022-07-10T18:59:24","modified_gmt":"2022-07-10T21:59:24","slug":"sugestoes-de-repositorios-de-arquivos-de-audio","status":"publish","type":"page","link":"https:\/\/mapu.art.br\/escuta\/sugestoes-de-repositorios-de-arquivos-de-audio\/","title":{"rendered":"Sugest\u00f5es de reposit\u00f3rios de arquivos de \u00e1udio"},"content":{"rendered":"\n<p>H\u00e1 uma infinidade de reposit\u00f3rios de arquivos de \u00e1udio na <em>internet<\/em>. Procuramos trazer aqui reposit\u00f3rios que temos utilizado; que s\u00e3o mantidos por desenvolvedoras(es), artistas e organiza\u00e7\u00f5es sem fins lucrativos e usam licen\u00e7as como as da Creative Commons, que permitem a c\u00f3pia e compartilhamento dos arquivos e de obras com menos restri\u00e7\u00f5es que o tradicional Todos Direitos Reservados. Para uma OIA, estes reposit\u00f3rios s\u00e3o \u00fateis na busca de sons para as performances e com a finalidade de compartilhar com outras pessoas os \u00e1udios produzidos por ela.<\/p>\n\n\n\n<p>Internet Archive \u2013 <a href=\"https:\/\/archive.org\" target=\"_blank\" rel=\"noreferrer noopener\">https:\/\/archive.org<\/a> \u2013 \u00e9 uma biblioteca sem fins lucrativos que oferece acesso universal gratuito a livros, \u00e1udios, filmes, <em>softwares<\/em>, entre outros. Incluindo seus \u00e1udios nesta plataforma, eles estar\u00e3o dispon\u00edveis para <em>download <\/em>a outras pessoas.<\/p>\n\n\n\n<p>Freesound \u2013 <a href=\"https:\/\/freesound.org\/\" target=\"_blank\" rel=\"noreferrer noopener\">https:\/\/freesound.org\/<\/a> \u2013 \u00e9 uma organiza\u00e7\u00e3o sem fins lucrativos e um reposit\u00f3rio colaborativo de amostras de \u00e1udio com licen\u00e7as Creative Commons. Incluindo seus \u00e1udios neste reposit\u00f3rio, eles estar\u00e3o dispon\u00edveis para <em>download <\/em>a outras(os) usu\u00e1rias(os) do <em>website<\/em>. Voc\u00ea pode escolher a que tipo de licen\u00e7a Creative Commons quer que seu \u00e1udio seja vinculado.<\/p>\n\n\n\n<p>The Big Sound Bank ou La Sonoteque \u2013 <a rel=\"noreferrer noopener\" href=\"https:\/\/bigsoundbank.com\/\" target=\"_blank\">https:\/\/bigsoundbank.com\/<\/a> | <a rel=\"noreferrer noopener\" href=\"https:\/\/lasonotheque.org\/\" target=\"_blank\">https:\/\/lasonotheque.org\/<\/a> \u2013 \u00e9 uma biblioteca de sons isentos de <em>royalties<\/em>, gratuitos e de dom\u00ednio p\u00fablico. Sob as licen\u00e7as Creative Commons CC0.1 Universal e WTFPL389. O banco de sons foi fundado pelo t\u00e9cnico de som Joseph Sardin, em 2005, com o objetivo de oferecer uma ampla variedade de sons e efeitos sonoros de forma gratuita e de qualidade. O banco de sons cont\u00e9m efeitos sonoros, ambientes, atmosferas, paisagens sonoras nos formatos mp3, wav, bwf, aiff, ogg, flac, aac e m4a.<\/p>\n\n\n\n<p style=\"font-size:12px\">FERREIRA, Marina Mapurunga de Miranda. <em>Reativa\u00e7\u00e3o da Escuta: <\/em>pr\u00e1ticas sonoras experimentais como estrat\u00e9gias para o ensino de som em cursos de Cinema e Audiovisual. 2022. Tese (Doutorado em M\u00fasica) \u2013 Escola de Comunica\u00e7\u00f5es e Artes, Universidade de S\u00e3o Paulo, S\u00e3o Paulo, 2022.<\/p>\n","protected":false},"excerpt":{"rendered":"<p>H\u00e1 uma infinidade de reposit\u00f3rios de arquivos de \u00e1udio na internet. Procuramos trazer aqui reposit\u00f3rios que temos utilizado; que s\u00e3o mantidos por desenvolvedoras(es), artistas e organiza\u00e7\u00f5es sem fins&#8230;<\/p>\n","protected":false},"author":1,"featured_media":0,"parent":0,"menu_order":0,"comment_status":"closed","ping_status":"closed","template":"","meta":[],"_links":{"self":[{"href":"https:\/\/mapu.art.br\/escuta\/wp-json\/wp\/v2\/pages\/231"}],"collection":[{"href":"https:\/\/mapu.art.br\/escuta\/wp-json\/wp\/v2\/pages"}],"about":[{"href":"https:\/\/mapu.art.br\/escuta\/wp-json\/wp\/v2\/types\/page"}],"author":[{"embeddable":true,"href":"https:\/\/mapu.art.br\/escuta\/wp-json\/wp\/v2\/users\/1"}],"replies":[{"embeddable":true,"href":"https:\/\/mapu.art.br\/escuta\/wp-json\/wp\/v2\/comments?post=231"}],"version-history":[{"count":1,"href":"https:\/\/mapu.art.br\/escuta\/wp-json\/wp\/v2\/pages\/231\/revisions"}],"predecessor-version":[{"id":233,"href":"https:\/\/mapu.art.br\/escuta\/wp-json\/wp\/v2\/pages\/231\/revisions\/233"}],"wp:attachment":[{"href":"https:\/\/mapu.art.br\/escuta\/wp-json\/wp\/v2\/media?parent=231"}],"curies":[{"name":"wp","href":"https:\/\/api.w.org\/{rel}","templated":true}]}}